{"id":1123,"date":"2024-05-14T15:27:55","date_gmt":"2024-05-14T13:27:55","guid":{"rendered":"https:\/\/domzastaralica.rs\/najcesca-pitanja-i-odgovori\/"},"modified":"2024-05-14T15:27:55","modified_gmt":"2024-05-14T13:27:55","slug":"najcesca-pitanja-i-odgovori","status":"publish","type":"page","link":"https:\/\/domzastaralica.rs\/de\/najcesca-pitanja-i-odgovori\/","title":{"rendered":"Naj\u010de\u0161\u0107a pitanja i odgovori"},"content":{"rendered":"[vc_row type=&#8220;full_width_content&#8220; full_screen_row_position=&#8220;middle&#8220; column_margin=&#8220;default&#8220; equal_height=&#8220;yes&#8220; content_placement=&#8220;middle&#8220; column_direction=&#8220;default&#8220; column_direction_tablet=&#8220;default&#8220; column_direction_phone=&#8220;default&#8220; bg_color=&#8220;#ffffff&#8220; scene_position=&#8220;center&#8220; top_padding=&#8220;12%&#8220; bottom_padding=&#8220;12%&#8220; left_padding_desktop=&#8220;25%&#8220; constrain_group_2=&#8220;yes&#8220; right_padding_desktop=&#8220;25%&#8220; left_padding_tablet=&#8220;20%&#8220; constrain_group_4=&#8220;yes&#8220; right_padding_tablet=&#8220;20%&#8220; left_padding_phone=&#8220;24px&#8220; constrain_group_6=&#8220;yes&#8220; right_padding_phone=&#8220;24px&#8220; text_color=&#8220;dark&#8220; text_align=&#8220;left&#8220; row_border_radius=&#8220;none&#8220; row_border_radius_applies=&#8220;bg&#8220; zindex=&#8220;10&#8243; overflow=&#8220;visible&#8220; advanced_gradient_angle=&#8220;0&#8243; overlay_strength=&#8220;0.8&#8243; gradient_direction=&#8220;left_to_right&#8220; shape_divider_position=&#8220;bottom&#8220; bg_image_animation=&#8220;none&#8220; parallax_bg=&#8220;true&#8220; parallax_bg_speed=&#8220;fast&#8220; shape_type=&#8220;&#8220; gradient_type=&#8220;default&#8220;][vc_column column_padding=&#8220;no-extra-padding&#8220; column_padding_tablet=&#8220;inherit&#8220; column_padding_phone=&#8220;inherit&#8220; column_padding_position=&#8220;right&#8220; column_element_direction_desktop=&#8220;default&#8220; column_element_spacing=&#8220;default&#8220; desktop_text_alignment=&#8220;default&#8220; tablet_text_alignment=&#8220;default&#8220; phone_text_alignment=&#8220;default&#8220; background_color_opacity=&#8220;1&#8243; background_hover_color_opacity=&#8220;1&#8243; column_backdrop_filter=&#8220;none&#8220; column_shadow=&#8220;none&#8220; column_border_radius=&#8220;none&#8220; column_link_target=&#8220;_self&#8220; column_position=&#8220;default&#8220; advanced_gradient_angle=&#8220;0&#8243; gradient_direction=&#8220;left_to_right&#8220; overlay_strength=&#8220;0.3&#8243; width=&#8220;1\/1&#8243; tablet_width_inherit=&#8220;default&#8220; animation_type=&#8220;default&#8220; bg_image_animation=&#8220;none&#8220; border_type=&#8220;simple&#8220; column_border_width=&#8220;none&#8220; column_border_style=&#8220;solid&#8220; gradient_type=&#8220;default&#8220;][vc_row_inner column_margin=&#8220;default&#8220; column_direction=&#8220;default&#8220; column_direction_tablet=&#8220;default&#8220; column_direction_phone=&#8220;default&#8220; bottom_padding=&#8220;3%&#8220; text_align=&#8220;left&#8220; row_position=&#8220;default&#8220; row_position_tablet=&#8220;inherit&#8220; row_position_phone=&#8220;inherit&#8220; overflow=&#8220;visible&#8220; pointer_events=&#8220;all&#8220;][vc_column_inner column_padding=&#8220;no-extra-padding&#8220; column_padding_tablet=&#8220;inherit&#8220; column_padding_phone=&#8220;inherit&#8220; column_padding_position=&#8220;all&#8220; column_element_direction_desktop=&#8220;default&#8220; column_element_spacing=&#8220;default&#8220; centered_text=&#8220;true&#8220; desktop_text_alignment=&#8220;default&#8220; tablet_text_alignment=&#8220;default&#8220; phone_text_alignment=&#8220;default&#8220; background_color_opacity=&#8220;1&#8243; background_hover_color_opacity=&#8220;1&#8243; column_backdrop_filter=&#8220;none&#8220; column_shadow=&#8220;none&#8220; column_border_radius=&#8220;none&#8220; column_link_target=&#8220;_self&#8220; overflow=&#8220;visible&#8220; advanced_gradient_angle=&#8220;0&#8243; gradient_direction=&#8220;left_to_right&#8220; overlay_strength=&#8220;0.3&#8243; width=&#8220;1\/1&#8243; tablet_width_inherit=&#8220;default&#8220; animation_type=&#8220;default&#8220; bg_image_animation=&#8220;none&#8220; border_type=&#8220;simple&#8220; column_border_width=&#8220;none&#8220; column_border_style=&#8220;solid&#8220; gradient_type=&#8220;default&#8220;][nectar_responsive_text font_size_desktop=&#8220;3vw&#8220; font_size_tablet=&#8220;5vw&#8220; font_size_phone=&#8220;8vw&#8220; font_line_height=&#8220;1.1&#8243;]\n<h3>Naj\u010de\u0161\u0107a pitanja i odgovori\u00a0 <b>REHAB SENIOR Alexander Ville<\/b><\/h3>\n[\/nectar_responsive_text][\/vc_column_inner][\/vc_row_inner][toggles style=&#8220;minimal_shadow&#8220; accordion=&#8220;true&#8220; accordion_starting_functionality=&#8220;default&#8220; border_radius=&#8220;20px&#8220;][toggle color=&#8220;Default&#8220; heading_tag=&#8220;h3&#8243; heading_tag_functionality=&#8220;default&#8220; title=&#8220;Gde se nalazi REHAB SENIOR Alexander Ville?&#8220;][nectar_responsive_text font_size_min=&#8220;14px&#8220; font_size_max=&#8220;20px&#8220; font_size_desktop=&#8220;1.1vw&#8220; font_line_height=&#8220;1.6&#8243;]<i>Dom za Stare Alexander<\/i> nalazi se na obroncima Kosmaja, u Sopotu, na adresi Kralja Petra I br 120, \u0161to je samo 40 minuta od Beograda. Ova lokacija nudi predivan pogled na prirodu \u0160umadije i Beograd, stvaraju\u0107i idealno okru\u017eenje za miran i zdrav \u017eivot.[\/nectar_responsive_text][\/toggle][toggle color=&#8220;Default&#8220; heading_tag=&#8220;h3&#8243; heading_tag_functionality=&#8220;default&#8220; title=&#8220;Da li dom poseduje licencu?&#8220;][nectar_responsive_text font_size_min=&#8220;14px&#8220; font_size_max=&#8220;20px&#8220; font_size_desktop=&#8220;1.1vw&#8220; font_line_height=&#8220;1.6&#8243;]Da, <i>Dom za Stare Alexander<\/i> ima sve potrebne licence za pru\u017eanje usluga sme\u0161taja i nege starijih osoba, u skladu sa najvi\u0161im standardima.[\/nectar_responsive_text][\/toggle][toggle color=&#8220;Default&#8220; heading_tag=&#8220;h3&#8243; heading_tag_functionality=&#8220;default&#8220; title=&#8220;Koja je struktura sme\u0161taja u domu Alexander?&#8220;]<div class=\"nectar-fancy-ul font_size_min_14px font_size_max_20px font_size_desktop_1-1vw font_line_height_1-6\" data-list-icon=\"dot\" data-animation=\"false\" data-animation-delay=\"0\" data-spacing=\"5px\" data-alignment=\"left\"> Dom raspola\u017ee sa jednokrevetnim i dvokrevetnim sobama koje su prostrane i opremljene sopstvenim kupatilima, medicinskim krevetima, televizorom i pristupom internetu, \u010dime se obezbe\u0111uje maksimalan komfor i privatnost. <\/div>[\/toggle][toggle color=&#8220;Default&#8220; heading_tag=&#8220;h3&#8243; heading_tag_functionality=&#8220;default&#8220; title=&#8220;Da li primate dementne korisnike?&#8220;][nectar_responsive_text font_size_min=&#8220;14px&#8220; font_size_max=&#8220;20px&#8220; font_size_desktop=&#8220;1.1vw&#8220; font_line_height=&#8220;1.6&#8243;]Da, dom je opremljen i osposobljen da pru\u017ei adekvatnu negu i podr\u0161ku osobama sa demencijom.[\/nectar_responsive_text][\/toggle][toggle color=&#8220;Default&#8220; heading_tag=&#8220;h3&#8243; heading_tag_functionality=&#8220;default&#8220; title=&#8220;Da li sobe imaju TV?&#8220;][nectar_responsive_text font_size_min=&#8220;14px&#8220; font_size_max=&#8220;20px&#8220; font_size_desktop=&#8220;1.1vw&#8220; font_line_height=&#8220;1.6&#8243;]Da, sve sobe u domu su opremljene televizorima.[\/nectar_responsive_text][\/toggle][toggle color=&#8220;Default&#8220; heading_tag=&#8220;default&#8220; heading_tag_functionality=&#8220;default&#8220; title=&#8220;Da li u domu imate fizioterapeuta?&#8220;][vc_column_text]Da, <i>Dom za Stare Alexander<\/i> ima profesionalnog fizioterapeuta koji se stara o rehabilitaciji i odr\u017eavanju fizi\u010dkog zdravlja na\u0161ih korisnika.[\/vc_column_text][\/toggle][toggle color=&#8220;Default&#8220; heading_tag=&#8220;default&#8220; heading_tag_functionality=&#8220;default&#8220; title=&#8220;Da li dom poseduje parking?&#8220;][vc_column_text]Da, dom raspola\u017ee sa velikim parking prostorom za posetioce i osoblje.[\/vc_column_text][\/toggle][toggle color=&#8220;Default&#8220; heading_tag=&#8220;default&#8220; heading_tag_functionality=&#8220;default&#8220; title=&#8220;Da li imate internet u domu?&#8220;][vc_column_text]Da, dom pru\u017ea pristup internetu u svim sobama i zajedni\u010dkim prostorijama.[\/vc_column_text][\/toggle][toggle color=&#8220;Default&#8220; heading_tag=&#8220;default&#8220; heading_tag_functionality=&#8220;default&#8220; title=&#8220;Da li imate medicinske radnike u okviru doma?&#8220;][vc_column_text]Da, dom ima stalno zaposlene medicinske radnike, jer je ceo kompleks gra\u0111en po principu banjskog sme\u0161taja s ciljem pru\u017eanja najbolje mogu\u0107e nege.[\/vc_column_text][\/toggle][toggle color=&#8220;Default&#8220; heading_tag=&#8220;default&#8220; heading_tag_functionality=&#8220;default&#8220; title=&#8220;Da li ima poseta u domu?&#8220;][vc_column_text]Da, posete su dozvoljene i podsti\u010demo porodice da posete svoje najmilije, naravno uz po\u0161tovanje protokola koji garantuje sigurnost i zdravlje svih korisnika.[\/vc_column_text][\/toggle][toggle color=&#8220;Default&#8220; heading_tag=&#8220;default&#8220; heading_tag_functionality=&#8220;default&#8220; title=&#8220;Da li korisnici imaju organizovan dru\u0161tveni \u017eivot?&#8220;][vc_column_text]Da, korisnici u\u017eivaju u bogatom dru\u0161tvenom \u017eivotu, sa organizovanim aktivnostima koje uklju\u010duju kori\u0161\u0107enje bazena, razne radionice, i druge sadr\u017eaje u zavisnosti od sezone.[\/vc_column_text][\/toggle][toggle color=&#8220;Default&#8220; heading_tag=&#8220;default&#8220; heading_tag_functionality=&#8220;default&#8220; title=&#8220;Da li imate dvori\u0161te?&#8220;][vc_column_text]Da, dom se nalazi na 4 hektara zemlji\u0161ta s velikim, prostranim dvori\u0161tem koje pru\u017ea savr\u0161eno mesto za opu\u0161tanje i u\u017eivanje u prirodi.[\/vc_column_text][\/toggle][\/toggles][\/vc_column][\/vc_row]\n","protected":false},"excerpt":{"rendered":"<p>[vc_row type=&#8220;full_width_content&#8220; full_screen_row_position=&#8220;middle&#8220; column_margin=&#8220;default&#8220; equal_height=&#8220;yes&#8220; content_placement=&#8220;middle&#8220; column_direction=&#8220;default&#8220; column_direction_tablet=&#8220;default&#8220; column_direction_phone=&#8220;default&#8220; bg_color=&#8220;#ffffff&#8220; scene_position=&#8220;center&#8220; top_padding=&#8220;12%&#8220; bottom_padding=&#8220;12%&#8220; left_padding_desktop=&#8220;25%&#8220; constrain_group_2=&#8220;yes&#8220; right_padding_desktop=&#8220;25%&#8220; left_padding_tablet=&#8220;20%&#8220; constrain_group_4=&#8220;yes&#8220; right_padding_tablet=&#8220;20%&#8220; left_padding_phone=&#8220;24px&#8220; constrain_group_6=&#8220;yes&#8220; right_padding_phone=&#8220;24px&#8220; text_color=&#8220;dark&#8220; text_align=&#8220;left&#8220; row_border_radius=&#8220;none&#8220; row_border_radius_applies=&#8220;bg&#8220; zindex=&#8220;10&#8243; overflow=&#8220;visible&#8220; advanced_gradient_angle=&#8220;0&#8243; overlay_strength=&#8220;0.8&#8243; gradient_direction=&#8220;left_to_right&#8220; shape_divider_position=&#8220;bottom&#8220; bg_image_animation=&#8220;none&#8220; parallax_bg=&#8220;true&#8220; parallax_bg_speed=&#8220;fast&#8220;&#8230;<\/p>\n","protected":false},"author":1,"featured_media":0,"parent":0,"menu_order":0,"comment_status":"closed","ping_status":"closed","template":"","meta":{"footnotes":""},"class_list":["post-1123","page","type-page","status-publish"],"yoast_head":"<!-- This site is optimized with the Yoast SEO plugin v26.8 - https:\/\/yoast.com\/product\/yoast-seo-wordpress\/ -->\n<title>Naj\u010de\u0161\u0107a pitanja i odgovori - Dom Za Stare<\/title>\n<meta name=\"robots\" content=\"index, follow, max-snippet:-1, max-image-preview:large, max-video-preview:-1\" \/>\n<link rel=\"canonical\" href=\"https:\/\/domzastaralica.rs\/de\/najcesca-pitanja-i-odgovori\/\" \/>\n<meta property=\"og:locale\" content=\"de_DE\" \/>\n<meta property=\"og:type\" content=\"article\" \/>\n<meta property=\"og:title\" content=\"Naj\u010de\u0161\u0107a pitanja i odgovori - Dom Za Stare\" \/>\n<meta property=\"og:description\" content=\"[vc_row type=&#8220;full_width_content&#8220; full_screen_row_position=&#8220;middle&#8220; column_margin=&#8220;default&#8220; equal_height=&#8220;yes&#8220; content_placement=&#8220;middle&#8220; column_direction=&#8220;default&#8220; column_direction_tablet=&#8220;default&#8220; column_direction_phone=&#8220;default&#8220; bg_color=&#8220;#ffffff&#8220; scene_position=&#8220;center&#8220; top_padding=&#8220;12%&#8220; bottom_padding=&#8220;12%&#8220; left_padding_desktop=&#8220;25%&#8220; constrain_group_2=&#8220;yes&#8220; right_padding_desktop=&#8220;25%&#8220; left_padding_tablet=&#8220;20%&#8220; constrain_group_4=&#8220;yes&#8220; right_padding_tablet=&#8220;20%&#8220; left_padding_phone=&#8220;24px&#8220; constrain_group_6=&#8220;yes&#8220; right_padding_phone=&#8220;24px&#8220; text_color=&#8220;dark&#8220; text_align=&#8220;left&#8220; row_border_radius=&#8220;none&#8220; row_border_radius_applies=&#8220;bg&#8220; zindex=&#8220;10&#8243; overflow=&#8220;visible&#8220; advanced_gradient_angle=&#8220;0&#8243; overlay_strength=&#8220;0.8&#8243; gradient_direction=&#8220;left_to_right&#8220; shape_divider_position=&#8220;bottom&#8220; bg_image_animation=&#8220;none&#8220; parallax_bg=&#8220;true&#8220; parallax_bg_speed=&#8220;fast&#8220;...\" \/>\n<meta property=\"og:url\" content=\"https:\/\/domzastaralica.rs\/de\/najcesca-pitanja-i-odgovori\/\" \/>\n<meta property=\"og:site_name\" content=\"Dom Za Stare\" \/>\n<meta name=\"twitter:card\" content=\"summary_large_image\" \/>\n<meta name=\"twitter:label1\" content=\"Gesch\u00e4tzte Lesezeit\" \/>\n\t<meta name=\"twitter:data1\" content=\"5\u00a0Minuten\" \/>\n<script type=\"application\/ld+json\" class=\"yoast-schema-graph\">{\"@context\":\"https:\/\/schema.org\",\"@graph\":[{\"@type\":\"WebPage\",\"@id\":\"https:\/\/domzastaralica.rs\/de\/najcesca-pitanja-i-odgovori\/\",\"url\":\"https:\/\/domzastaralica.rs\/de\/najcesca-pitanja-i-odgovori\/\",\"name\":\"Naj\u010de\u0161\u0107a pitanja i odgovori - Dom Za Stare\",\"isPartOf\":{\"@id\":\"https:\/\/domzastaralica.rs\/de\/#website\"},\"datePublished\":\"2024-05-14T13:27:55+00:00\",\"breadcrumb\":{\"@id\":\"https:\/\/domzastaralica.rs\/de\/najcesca-pitanja-i-odgovori\/#breadcrumb\"},\"inLanguage\":\"de\",\"potentialAction\":[{\"@type\":\"ReadAction\",\"target\":[\"https:\/\/domzastaralica.rs\/de\/najcesca-pitanja-i-odgovori\/\"]}]},{\"@type\":\"BreadcrumbList\",\"@id\":\"https:\/\/domzastaralica.rs\/de\/najcesca-pitanja-i-odgovori\/#breadcrumb\",\"itemListElement\":[{\"@type\":\"ListItem\",\"position\":1,\"name\":\"Po\u010detna\",\"item\":\"https:\/\/domzastaralica.rs\/de\/\"},{\"@type\":\"ListItem\",\"position\":2,\"name\":\"Naj\u010de\u0161\u0107a pitanja i odgovori\"}]},{\"@type\":\"WebSite\",\"@id\":\"https:\/\/domzastaralica.rs\/de\/#website\",\"url\":\"https:\/\/domzastaralica.rs\/de\/\",\"name\":\"Dom Za Stare\",\"description\":\"\",\"potentialAction\":[{\"@type\":\"SearchAction\",\"target\":{\"@type\":\"EntryPoint\",\"urlTemplate\":\"https:\/\/domzastaralica.rs\/de\/?s={search_term_string}\"},\"query-input\":{\"@type\":\"PropertyValueSpecification\",\"valueRequired\":true,\"valueName\":\"search_term_string\"}}],\"inLanguage\":\"de\"}]}<\/script>\n<!-- \/ Yoast SEO plugin. -->","yoast_head_json":{"title":"Naj\u010de\u0161\u0107a pitanja i odgovori - Dom Za Stare","robots":{"index":"index","follow":"follow","max-snippet":"max-snippet:-1","max-image-preview":"max-image-preview:large","max-video-preview":"max-video-preview:-1"},"canonical":"https:\/\/domzastaralica.rs\/de\/najcesca-pitanja-i-odgovori\/","og_locale":"de_DE","og_type":"article","og_title":"Naj\u010de\u0161\u0107a pitanja i odgovori - Dom Za Stare","og_description":"[vc_row type=&#8220;full_width_content&#8220; full_screen_row_position=&#8220;middle&#8220; column_margin=&#8220;default&#8220; equal_height=&#8220;yes&#8220; content_placement=&#8220;middle&#8220; column_direction=&#8220;default&#8220; column_direction_tablet=&#8220;default&#8220; column_direction_phone=&#8220;default&#8220; bg_color=&#8220;#ffffff&#8220; scene_position=&#8220;center&#8220; top_padding=&#8220;12%&#8220; bottom_padding=&#8220;12%&#8220; left_padding_desktop=&#8220;25%&#8220; constrain_group_2=&#8220;yes&#8220; right_padding_desktop=&#8220;25%&#8220; left_padding_tablet=&#8220;20%&#8220; constrain_group_4=&#8220;yes&#8220; right_padding_tablet=&#8220;20%&#8220; left_padding_phone=&#8220;24px&#8220; constrain_group_6=&#8220;yes&#8220; right_padding_phone=&#8220;24px&#8220; text_color=&#8220;dark&#8220; text_align=&#8220;left&#8220; row_border_radius=&#8220;none&#8220; row_border_radius_applies=&#8220;bg&#8220; zindex=&#8220;10&#8243; overflow=&#8220;visible&#8220; advanced_gradient_angle=&#8220;0&#8243; overlay_strength=&#8220;0.8&#8243; gradient_direction=&#8220;left_to_right&#8220; shape_divider_position=&#8220;bottom&#8220; bg_image_animation=&#8220;none&#8220; parallax_bg=&#8220;true&#8220; parallax_bg_speed=&#8220;fast&#8220;...","og_url":"https:\/\/domzastaralica.rs\/de\/najcesca-pitanja-i-odgovori\/","og_site_name":"Dom Za Stare","twitter_card":"summary_large_image","twitter_misc":{"Gesch\u00e4tzte Lesezeit":"5\u00a0Minuten"},"schema":{"@context":"https:\/\/schema.org","@graph":[{"@type":"WebPage","@id":"https:\/\/domzastaralica.rs\/de\/najcesca-pitanja-i-odgovori\/","url":"https:\/\/domzastaralica.rs\/de\/najcesca-pitanja-i-odgovori\/","name":"Naj\u010de\u0161\u0107a pitanja i odgovori - Dom Za Stare","isPartOf":{"@id":"https:\/\/domzastaralica.rs\/de\/#website"},"datePublished":"2024-05-14T13:27:55+00:00","breadcrumb":{"@id":"https:\/\/domzastaralica.rs\/de\/najcesca-pitanja-i-odgovori\/#breadcrumb"},"inLanguage":"de","potentialAction":[{"@type":"ReadAction","target":["https:\/\/domzastaralica.rs\/de\/najcesca-pitanja-i-odgovori\/"]}]},{"@type":"BreadcrumbList","@id":"https:\/\/domzastaralica.rs\/de\/najcesca-pitanja-i-odgovori\/#breadcrumb","itemListElement":[{"@type":"ListItem","position":1,"name":"Po\u010detna","item":"https:\/\/domzastaralica.rs\/de\/"},{"@type":"ListItem","position":2,"name":"Naj\u010de\u0161\u0107a pitanja i odgovori"}]},{"@type":"WebSite","@id":"https:\/\/domzastaralica.rs\/de\/#website","url":"https:\/\/domzastaralica.rs\/de\/","name":"Dom Za Stare","description":"","potentialAction":[{"@type":"SearchAction","target":{"@type":"EntryPoint","urlTemplate":"https:\/\/domzastaralica.rs\/de\/?s={search_term_string}"},"query-input":{"@type":"PropertyValueSpecification","valueRequired":true,"valueName":"search_term_string"}}],"inLanguage":"de"}]}},"_links":{"self":[{"href":"https:\/\/domzastaralica.rs\/de\/wp-json\/wp\/v2\/pages\/1123","targetHints":{"allow":["GET"]}}],"collection":[{"href":"https:\/\/domzastaralica.rs\/de\/wp-json\/wp\/v2\/pages"}],"about":[{"href":"https:\/\/domzastaralica.rs\/de\/wp-json\/wp\/v2\/types\/page"}],"author":[{"embeddable":true,"href":"https:\/\/domzastaralica.rs\/de\/wp-json\/wp\/v2\/users\/1"}],"replies":[{"embeddable":true,"href":"https:\/\/domzastaralica.rs\/de\/wp-json\/wp\/v2\/comments?post=1123"}],"version-history":[{"count":0,"href":"https:\/\/domzastaralica.rs\/de\/wp-json\/wp\/v2\/pages\/1123\/revisions"}],"wp:attachment":[{"href":"https:\/\/domzastaralica.rs\/de\/wp-json\/wp\/v2\/media?parent=1123"}],"curies":[{"name":"wp","href":"https:\/\/api.w.org\/{rel}","templated":true}]}}