{"id":1125,"date":"2024-05-14T13:26:47","date_gmt":"2024-05-14T11:26:47","guid":{"rendered":"https:\/\/domzastaralica.rs\/licenca\/"},"modified":"2025-08-20T11:13:52","modified_gmt":"2025-08-20T09:13:52","slug":"lizenz","status":"publish","type":"page","link":"https:\/\/domzastaralica.rs\/de\/lizenz\/","title":{"rendered":"Licenca"},"content":{"rendered":"[vc_row type=&#8220;full_width_background&#8220; full_screen_row_position=&#8220;middle&#8220; column_margin=&#8220;default&#8220; column_direction=&#8220;default&#8220; column_direction_tablet=&#8220;default&#8220; column_direction_phone=&#8220;default&#8220; bg_color=&#8220;#ffffff&#8220; scene_position=&#8220;center&#8220; top_padding=&#8220;5%&#8220; bottom_padding=&#8220;5%&#8220; text_color=&#8220;dark&#8220; text_align=&#8220;left&#8220; row_border_radius=&#8220;none&#8220; row_border_radius_applies=&#8220;bg&#8220; overflow=&#8220;visible&#8220; overlay_strength=&#8220;1&#8243; gradient_direction=&#8220;left_to_right&#8220; shape_divider_position=&#8220;bottom&#8220; bg_image_animation=&#8220;none&#8220; gradient_type=&#8220;default&#8220; shape_type=&#8220;&#8220;][vc_column column_padding=&#8220;no-extra-padding&#8220; column_padding_tablet=&#8220;inherit&#8220; column_padding_phone=&#8220;inherit&#8220; column_padding_position=&#8220;all&#8220; column_element_direction_desktop=&#8220;default&#8220; column_element_spacing=&#8220;default&#8220; desktop_text_alignment=&#8220;default&#8220; tablet_text_alignment=&#8220;default&#8220; phone_text_alignment=&#8220;default&#8220; background_color_opacity=&#8220;1&#8243; background_hover_color_opacity=&#8220;1&#8243; column_backdrop_filter=&#8220;none&#8220; column_shadow=&#8220;none&#8220; column_border_radius=&#8220;none&#8220; column_link_target=&#8220;_self&#8220; column_position=&#8220;default&#8220; gradient_direction=&#8220;left_to_right&#8220; overlay_strength=&#8220;0.3&#8243; width=&#8220;1\/1&#8243; tablet_width_inherit=&#8220;default&#8220; animation_type=&#8220;default&#8220; bg_image_animation=&#8220;none&#8220; border_type=&#8220;simple&#8220; column_border_width=&#8220;none&#8220; column_border_style=&#8220;solid&#8220;][vc_row_inner column_margin=&#8220;default&#8220; column_direction=&#8220;default&#8220; column_direction_tablet=&#8220;default&#8220; column_direction_phone=&#8220;default&#8220; text_align=&#8220;left&#8220; row_position=&#8220;default&#8220; row_position_tablet=&#8220;inherit&#8220; row_position_phone=&#8220;inherit&#8220; overflow=&#8220;visible&#8220; pointer_events=&#8220;all&#8220;][vc_column_inner column_padding=&#8220;padding-3-percent&#8220; column_padding_tablet=&#8220;inherit&#8220; column_padding_phone=&#8220;inherit&#8220; column_padding_position=&#8220;top-bottom&#8220; column_element_direction_desktop=&#8220;default&#8220; column_element_spacing=&#8220;default&#8220; desktop_text_alignment=&#8220;default&#8220; tablet_text_alignment=&#8220;default&#8220; phone_text_alignment=&#8220;default&#8220; background_color_opacity=&#8220;1&#8243; background_hover_color_opacity=&#8220;1&#8243; column_backdrop_filter=&#8220;none&#8220; column_shadow=&#8220;none&#8220; column_border_radius=&#8220;none&#8220; column_link_target=&#8220;_self&#8220; overflow=&#8220;visible&#8220; gradient_direction=&#8220;left_to_right&#8220; overlay_strength=&#8220;0.3&#8243; width=&#8220;1\/2&#8243; tablet_width_inherit=&#8220;default&#8220; animation_type=&#8220;default&#8220; enable_animation=&#8220;true&#8220; animation=&#8220;fade-in-from-bottom&#8220; animation_easing=&#8220;default&#8220; bg_image_animation=&#8220;none&#8220; border_type=&#8220;simple&#8220; column_border_width=&#8220;none&#8220; column_border_style=&#8220;solid&#8220;][vc_column_text css=&#8220;.vc_custom_1755680961953{padding-right: 10% !important;}&#8220;]Seniorenheim Alexander &#8211; Rehab Senior in Sopot am Kosmaj, mit seinen 40 modern ausgestatteten Einzel- und Doppelzimmern mit eigenem Bad, tr\u00e4gt stolz den Status eines lizenzierten Pflegeheims f\u00fcr \u00e4ltere Menschen. Diese Lizenz, ausgestellt vom zust\u00e4ndigen Ministerium f\u00fcr Sozialschutz, stellt eine Anerkennung der hohen Standards dar, die das Heim im Bereich Pflege und Betreuung \u00e4lterer Personen setzt.<\/p>\n<p>Die Lizenzierung unseres Heims best\u00e4tigt, dass wir alle gesetzlichen Anforderungen erf\u00fcllen, die Sicherheit, Komfort und die Qualit\u00e4t der Dienstleistungen f\u00fcr unsere Bewohner garantieren. Der Prozess der Lizenzerteilung umfasst strenge Inspektionen und Bewertungen, die sicherstellen, dass unser Personal, unsere Ausstattung und unsere Einrichtungen die vorgeschriebenen Pflegestandards erf\u00fcllen oder sogar \u00fcbertreffen.[\/vc_column_text][\/vc_column_inner][vc_column_inner column_padding=&#8220;padding-3-percent&#8220; column_padding_tablet=&#8220;inherit&#8220; column_padding_phone=&#8220;inherit&#8220; column_padding_position=&#8220;top-bottom&#8220; column_element_direction_desktop=&#8220;default&#8220; column_element_spacing=&#8220;default&#8220; desktop_text_alignment=&#8220;default&#8220; tablet_text_alignment=&#8220;default&#8220; phone_text_alignment=&#8220;default&#8220; background_color_opacity=&#8220;1&#8243; background_hover_color_opacity=&#8220;1&#8243; column_backdrop_filter=&#8220;none&#8220; column_shadow=&#8220;none&#8220; column_border_radius=&#8220;none&#8220; column_link_target=&#8220;_self&#8220; overflow=&#8220;visible&#8220; gradient_direction=&#8220;left_to_right&#8220; overlay_strength=&#8220;0.3&#8243; width=&#8220;1\/2&#8243; tablet_width_inherit=&#8220;default&#8220; animation_type=&#8220;default&#8220; enable_animation=&#8220;true&#8220; animation=&#8220;fade-in-from-bottom&#8220; animation_easing=&#8220;default&#8220; bg_image_animation=&#8220;none&#8220; border_type=&#8220;simple&#8220; column_border_width=&#8220;none&#8220; column_border_style=&#8220;solid&#8220; delay=&#8220;100&#8243;][vc_column_text css=&#8220;.vc_custom_1755680985774{padding-right: 10% !important;}&#8220;]Unser Heim ist ein einzigartiges Konzept in Serbien, entworfen, um luxuri\u00f6se Unterbringung in einer angenehmen Umgebung an den H\u00e4ngen des Kosmaj zu bieten, wo die Bewohner die Ruhe der Natur in Verbindung mit h\u00f6chstem Niveau professioneller Pflege genie\u00dfen k\u00f6nnen. Mit der Lizenz best\u00e4tigt Alexander &#8211; Rehab Senior sein Engagement, au\u00dfergew\u00f6hnliche Dienstleistungen in jedem Aspekt seiner Arbeit zu erbringen, von Unterkunft und Verpflegung bis hin zu medizinischer Betreuung und Physiotherapie.<\/p>\n<p>Als lizenziertes Heim verpflichten wir uns, unsere Protokolle und Schulungsprogramme f\u00fcr das Personal regelm\u00e4\u00dfig zu aktualisieren, um sicherzustellen, dass die Qualit\u00e4tsstandards kontinuierlich eingehalten und verbessert werden. Dieses Engagement f\u00fcr Exzellenz in der Pflege gibt unseren Bewohnern und ihren Familien Ruhe und Sicherheit, im Wissen, dass ihre Angeh\u00f6rigen in den H\u00e4nden von Fachleuten sind.[\/vc_column_text][\/vc_column_inner][\/vc_row_inner][vc_row_inner column_margin=&#8220;default&#8220; column_direction=&#8220;default&#8220; column_direction_tablet=&#8220;default&#8220; column_direction_phone=&#8220;default&#8220; text_align=&#8220;left&#8220; row_position=&#8220;default&#8220; row_position_tablet=&#8220;inherit&#8220; row_position_phone=&#8220;inherit&#8220; overflow=&#8220;visible&#8220; pointer_events=&#8220;all&#8220;][vc_column_inner column_padding=&#8220;no-extra-padding&#8220; column_padding_tablet=&#8220;inherit&#8220; column_padding_phone=&#8220;inherit&#8220; column_padding_position=&#8220;all&#8220; column_element_direction_desktop=&#8220;default&#8220; column_element_spacing=&#8220;default&#8220; desktop_text_alignment=&#8220;default&#8220; tablet_text_alignment=&#8220;default&#8220; phone_text_alignment=&#8220;default&#8220; background_color_opacity=&#8220;1&#8243; background_hover_color_opacity=&#8220;1&#8243; column_backdrop_filter=&#8220;none&#8220; column_shadow=&#8220;none&#8220; column_border_radius=&#8220;none&#8220; column_link_target=&#8220;_self&#8220; overflow=&#8220;visible&#8220; gradient_direction=&#8220;left_to_right&#8220; overlay_strength=&#8220;0.3&#8243; width=&#8220;1\/1&#8243; tablet_width_inherit=&#8220;default&#8220; animation_type=&#8220;default&#8220; bg_image_animation=&#8220;none&#8220; border_type=&#8220;simple&#8220; column_border_width=&#8220;none&#8220; column_border_style=&#8220;solid&#8220;][vc_column_text]Die Lizenz ist mehr als nur ein rechtliches Dokument, sie ist ein Spiegelbild unseres Engagements und unserer Ethik in der Arbeit mit \u00e4lteren Menschen. Sie garantiert, dass Alexander Ville &#8211; Rehab Senior ein Ort ist, an dem die Lebensqualit\u00e4t jedes Einzelnen ernst genommen wird, mit einem st\u00e4ndigen Streben nach Verbesserung und Innovation in der Bereitstellung von Altenpflegeleistungen.[\/vc_column_text][\/vc_column_inner][\/vc_row_inner][vc_row_inner column_margin=&#8220;default&#8220; column_direction=&#8220;default&#8220; column_direction_tablet=&#8220;default&#8220; column_direction_phone=&#8220;default&#8220; top_padding=&#8220;20&#8243; text_align=&#8220;left&#8220; row_position=&#8220;default&#8220; row_position_tablet=&#8220;inherit&#8220; row_position_phone=&#8220;inherit&#8220; overflow=&#8220;visible&#8220; pointer_events=&#8220;all&#8220;][vc_column_inner column_padding=&#8220;no-extra-padding&#8220; column_padding_tablet=&#8220;inherit&#8220; column_padding_phone=&#8220;inherit&#8220; column_padding_position=&#8220;all&#8220; column_element_direction_desktop=&#8220;default&#8220; column_element_spacing=&#8220;default&#8220; desktop_text_alignment=&#8220;default&#8220; tablet_text_alignment=&#8220;default&#8220; phone_text_alignment=&#8220;default&#8220; background_color_opacity=&#8220;1&#8243; background_hover_color_opacity=&#8220;1&#8243; column_backdrop_filter=&#8220;none&#8220; column_shadow=&#8220;none&#8220; column_border_radius=&#8220;none&#8220; column_link_target=&#8220;_self&#8220; overflow=&#8220;visible&#8220; gradient_direction=&#8220;left_to_right&#8220; overlay_strength=&#8220;0.3&#8243; width=&#8220;1\/1&#8243; tablet_width_inherit=&#8220;default&#8220; animation_type=&#8220;default&#8220; enable_animation=&#8220;true&#8220; animation=&#8220;fade-in-from-left&#8220; animation_easing=&#8220;default&#8220; bg_image_animation=&#8220;none&#8220; border_type=&#8220;simple&#8220; column_border_width=&#8220;none&#8220; column_border_style=&#8220;solid&#8220;][nectar_cta btn_style=&#8220;see-through&#8220; heading_tag=&#8220;h5&#8243; button_color=&#8220;default&#8220; text_color=&#8220;#0a0000&#8243; button_border_thickness=&#8220;0px&#8220; link_type=&#8220;regular&#8220; alignment=&#8220;left&#8220; alignment_tablet=&#8220;default&#8220; alignment_phone=&#8220;default&#8220; display=&#8220;block&#8220; display_tablet=&#8220;inherit&#8220; display_phone=&#8220;inherit&#8220; link_text=&#8220;Das Seniorenheim Alexander ist 24 Stunden am Tag f\u00fcr Sie und Ihre Liebsten ge\u00f6ffnet.&#8220; url=&#8220;https:\/\/domzastaralica.rs\/kontakt\/&#8220;][\/vc_column_inner][\/vc_row_inner][\/vc_column][\/vc_row]\n","protected":false},"excerpt":{"rendered":"<p>[vc_row type=&#8220;full_width_background&#8220; full_screen_row_position=&#8220;middle&#8220; column_margin=&#8220;default&#8220; column_direction=&#8220;default&#8220; column_direction_tablet=&#8220;default&#8220; column_direction_phone=&#8220;default&#8220; bg_color=&#8220;#ffffff&#8220; scene_position=&#8220;center&#8220; top_padding=&#8220;5%&#8220; bottom_padding=&#8220;5%&#8220; text_color=&#8220;dark&#8220; text_align=&#8220;left&#8220; row_border_radius=&#8220;none&#8220; row_border_radius_applies=&#8220;bg&#8220; overflow=&#8220;visible&#8220; overlay_strength=&#8220;1&#8243; gradient_direction=&#8220;left_to_right&#8220; shape_divider_position=&#8220;bottom&#8220; bg_image_animation=&#8220;none&#8220; gradient_type=&#8220;default&#8220; shape_type=&#8220;&#8220;][vc_column column_padding=&#8220;no-extra-padding&#8220; column_padding_tablet=&#8220;inherit&#8220; column_padding_phone=&#8220;inherit&#8220; column_padding_position=&#8220;all&#8220; column_element_direction_desktop=&#8220;default&#8220; column_element_spacing=&#8220;default&#8220; desktop_text_alignment=&#8220;default&#8220; tablet_text_alignment=&#8220;default&#8220; phone_text_alignment=&#8220;default&#8220; background_color_opacity=&#8220;1&#8243; background_hover_color_opacity=&#8220;1&#8243; column_backdrop_filter=&#8220;none&#8220; column_shadow=&#8220;none&#8220;&#8230;<\/p>\n","protected":false},"author":1,"featured_media":0,"parent":0,"menu_order":0,"comment_status":"closed","ping_status":"closed","template":"","meta":{"footnotes":""},"class_list":["post-1125","page","type-page","status-publish"],"yoast_head":"<!-- This site is optimized with the Yoast SEO plugin v26.8 - https:\/\/yoast.com\/product\/yoast-seo-wordpress\/ -->\n<title>Lizenz des Altenheims Alexsander Ville Sopot - Kosmaj<\/title>\n<meta name=\"description\" content=\"Lizenz des Altenheims Alexsander - Rehab Senior. Das LUX lizenzierte Altenheim Alexander ist rund um die Uhr ge\u00f6ffnet. Vereinbaren Sie einen Besuch im Altenheim.\" \/>\n<meta name=\"robots\" content=\"index, follow, max-snippet:-1, max-image-preview:large, max-video-preview:-1\" \/>\n<link rel=\"canonical\" href=\"https:\/\/domzastaralica.rs\/de\/lizenz\/\" \/>\n<meta property=\"og:locale\" content=\"de_DE\" \/>\n<meta property=\"og:type\" content=\"article\" \/>\n<meta property=\"og:title\" content=\"Lizenz des Altenheims Alexsander Ville Sopot - Kosmaj\" \/>\n<meta property=\"og:description\" content=\"Lizenz des Altenheims Alexsander - Rehab Senior. Das LUX lizenzierte Altenheim Alexander ist rund um die Uhr ge\u00f6ffnet. Vereinbaren Sie einen Besuch im Altenheim.\" \/>\n<meta property=\"og:url\" content=\"https:\/\/domzastaralica.rs\/de\/lizenz\/\" \/>\n<meta property=\"og:site_name\" content=\"Dom Za Stare\" \/>\n<meta property=\"article:modified_time\" content=\"2025-08-20T09:13:52+00:00\" \/>\n<meta name=\"twitter:card\" content=\"summary_large_image\" \/>\n<meta name=\"twitter:label1\" content=\"Gesch\u00e4tzte Lesezeit\" \/>\n\t<meta name=\"twitter:data1\" content=\"3\u00a0Minuten\" \/>\n<script type=\"application\/ld+json\" class=\"yoast-schema-graph\">{\"@context\":\"https:\/\/schema.org\",\"@graph\":[{\"@type\":\"WebPage\",\"@id\":\"https:\/\/domzastaralica.rs\/de\/lizenz\/\",\"url\":\"https:\/\/domzastaralica.rs\/de\/lizenz\/\",\"name\":\"Lizenz des Altenheims Alexsander Ville Sopot - Kosmaj\",\"isPartOf\":{\"@id\":\"https:\/\/domzastaralica.rs\/de\/#website\"},\"datePublished\":\"2024-05-14T11:26:47+00:00\",\"dateModified\":\"2025-08-20T09:13:52+00:00\",\"description\":\"Lizenz des Altenheims Alexsander - Rehab Senior. Das LUX lizenzierte Altenheim Alexander ist rund um die Uhr ge\u00f6ffnet. Vereinbaren Sie einen Besuch im Altenheim.\",\"breadcrumb\":{\"@id\":\"https:\/\/domzastaralica.rs\/de\/lizenz\/#breadcrumb\"},\"inLanguage\":\"de\",\"potentialAction\":[{\"@type\":\"ReadAction\",\"target\":[\"https:\/\/domzastaralica.rs\/de\/lizenz\/\"]}]},{\"@type\":\"BreadcrumbList\",\"@id\":\"https:\/\/domzastaralica.rs\/de\/lizenz\/#breadcrumb\",\"itemListElement\":[{\"@type\":\"ListItem\",\"position\":1,\"name\":\"Po\u010detna\",\"item\":\"https:\/\/domzastaralica.rs\/de\/\"},{\"@type\":\"ListItem\",\"position\":2,\"name\":\"Licenca\"}]},{\"@type\":\"WebSite\",\"@id\":\"https:\/\/domzastaralica.rs\/de\/#website\",\"url\":\"https:\/\/domzastaralica.rs\/de\/\",\"name\":\"Dom Za Stare\",\"description\":\"\",\"potentialAction\":[{\"@type\":\"SearchAction\",\"target\":{\"@type\":\"EntryPoint\",\"urlTemplate\":\"https:\/\/domzastaralica.rs\/de\/?s={search_term_string}\"},\"query-input\":{\"@type\":\"PropertyValueSpecification\",\"valueRequired\":true,\"valueName\":\"search_term_string\"}}],\"inLanguage\":\"de\"}]}<\/script>\n<!-- \/ Yoast SEO plugin. -->","yoast_head_json":{"title":"Lizenz des Altenheims Alexsander Ville Sopot - Kosmaj","description":"Lizenz des Altenheims Alexsander - Rehab Senior. Das LUX lizenzierte Altenheim Alexander ist rund um die Uhr ge\u00f6ffnet. Vereinbaren Sie einen Besuch im Altenheim.","robots":{"index":"index","follow":"follow","max-snippet":"max-snippet:-1","max-image-preview":"max-image-preview:large","max-video-preview":"max-video-preview:-1"},"canonical":"https:\/\/domzastaralica.rs\/de\/lizenz\/","og_locale":"de_DE","og_type":"article","og_title":"Lizenz des Altenheims Alexsander Ville Sopot - Kosmaj","og_description":"Lizenz des Altenheims Alexsander - Rehab Senior. Das LUX lizenzierte Altenheim Alexander ist rund um die Uhr ge\u00f6ffnet. Vereinbaren Sie einen Besuch im Altenheim.","og_url":"https:\/\/domzastaralica.rs\/de\/lizenz\/","og_site_name":"Dom Za Stare","article_modified_time":"2025-08-20T09:13:52+00:00","twitter_card":"summary_large_image","twitter_misc":{"Gesch\u00e4tzte Lesezeit":"3\u00a0Minuten"},"schema":{"@context":"https:\/\/schema.org","@graph":[{"@type":"WebPage","@id":"https:\/\/domzastaralica.rs\/de\/lizenz\/","url":"https:\/\/domzastaralica.rs\/de\/lizenz\/","name":"Lizenz des Altenheims Alexsander Ville Sopot - Kosmaj","isPartOf":{"@id":"https:\/\/domzastaralica.rs\/de\/#website"},"datePublished":"2024-05-14T11:26:47+00:00","dateModified":"2025-08-20T09:13:52+00:00","description":"Lizenz des Altenheims Alexsander - Rehab Senior. Das LUX lizenzierte Altenheim Alexander ist rund um die Uhr ge\u00f6ffnet. Vereinbaren Sie einen Besuch im Altenheim.","breadcrumb":{"@id":"https:\/\/domzastaralica.rs\/de\/lizenz\/#breadcrumb"},"inLanguage":"de","potentialAction":[{"@type":"ReadAction","target":["https:\/\/domzastaralica.rs\/de\/lizenz\/"]}]},{"@type":"BreadcrumbList","@id":"https:\/\/domzastaralica.rs\/de\/lizenz\/#breadcrumb","itemListElement":[{"@type":"ListItem","position":1,"name":"Po\u010detna","item":"https:\/\/domzastaralica.rs\/de\/"},{"@type":"ListItem","position":2,"name":"Licenca"}]},{"@type":"WebSite","@id":"https:\/\/domzastaralica.rs\/de\/#website","url":"https:\/\/domzastaralica.rs\/de\/","name":"Dom Za Stare","description":"","potentialAction":[{"@type":"SearchAction","target":{"@type":"EntryPoint","urlTemplate":"https:\/\/domzastaralica.rs\/de\/?s={search_term_string}"},"query-input":{"@type":"PropertyValueSpecification","valueRequired":true,"valueName":"search_term_string"}}],"inLanguage":"de"}]}},"_links":{"self":[{"href":"https:\/\/domzastaralica.rs\/de\/wp-json\/wp\/v2\/pages\/1125","targetHints":{"allow":["GET"]}}],"collection":[{"href":"https:\/\/domzastaralica.rs\/de\/wp-json\/wp\/v2\/pages"}],"about":[{"href":"https:\/\/domzastaralica.rs\/de\/wp-json\/wp\/v2\/types\/page"}],"author":[{"embeddable":true,"href":"https:\/\/domzastaralica.rs\/de\/wp-json\/wp\/v2\/users\/1"}],"replies":[{"embeddable":true,"href":"https:\/\/domzastaralica.rs\/de\/wp-json\/wp\/v2\/comments?post=1125"}],"version-history":[{"count":2,"href":"https:\/\/domzastaralica.rs\/de\/wp-json\/wp\/v2\/pages\/1125\/revisions"}],"predecessor-version":[{"id":1702,"href":"https:\/\/domzastaralica.rs\/de\/wp-json\/wp\/v2\/pages\/1125\/revisions\/1702"}],"wp:attachment":[{"href":"https:\/\/domzastaralica.rs\/de\/wp-json\/wp\/v2\/media?parent=1125"}],"curies":[{"name":"wp","href":"https:\/\/api.w.org\/{rel}","templated":true}]}}