{"id":1145,"date":"2024-03-26T15:52:59","date_gmt":"2024-03-26T13:52:59","guid":{"rendered":"https:\/\/domzastaralica.rs\/kontakt\/"},"modified":"2026-01-17T08:36:22","modified_gmt":"2026-01-17T06:36:22","slug":"kontakt","status":"publish","type":"page","link":"https:\/\/domzastaralica.rs\/de\/kontakt\/","title":{"rendered":"Kontakt"},"content":{"rendered":"[vc_row type=&#8220;full_width_content&#8220; full_screen_row_position=&#8220;middle&#8220; column_margin=&#8220;default&#8220; column_direction=&#8220;default&#8220; column_direction_tablet=&#8220;default&#8220; column_direction_phone=&#8220;default&#8220; bg_color=&#8220;#ffffff&#8220; scene_position=&#8220;center&#8220; text_color=&#8220;dark&#8220; text_align=&#8220;left&#8220; row_border_radius=&#8220;none&#8220; row_border_radius_applies=&#8220;bg&#8220; overflow=&#8220;visible&#8220; overlay_strength=&#8220;0.3&#8243; gradient_direction=&#8220;left_to_right&#8220; shape_divider_position=&#8220;bottom&#8220; bg_image_animation=&#8220;none&#8220;][vc_column column_padding=&#8220;no-extra-padding&#8220; column_padding_tablet=&#8220;inherit&#8220; column_padding_phone=&#8220;inherit&#8220; column_padding_position=&#8220;all&#8220; column_element_direction_desktop=&#8220;default&#8220; column_element_spacing=&#8220;default&#8220; desktop_text_alignment=&#8220;default&#8220; tablet_text_alignment=&#8220;default&#8220; phone_text_alignment=&#8220;default&#8220; background_color_opacity=&#8220;1&#8243; background_hover_color_opacity=&#8220;1&#8243; column_backdrop_filter=&#8220;none&#8220; column_shadow=&#8220;none&#8220; column_border_radius=&#8220;none&#8220; column_link_target=&#8220;_self&#8220; column_position=&#8220;default&#8220; gradient_direction=&#8220;left_to_right&#8220; overlay_strength=&#8220;0.3&#8243; width=&#8220;1\/2&#8243; tablet_width_inherit=&#8220;default&#8220; animation_type=&#8220;default&#8220; bg_image_animation=&#8220;none&#8220; border_type=&#8220;simple&#8220; column_border_width=&#8220;none&#8220; column_border_style=&#8220;solid&#8220;][nectar_gmap map_type=&#8220;google&#8220; zoom=&#8220;17&#8243; marker_style=&#8220;nectar&#8220; nectar_marker_color=&#8220;accent-color&#8220; map_greyscale=&#8220;1&#8243; dark_color_scheme=&#8220;1&#8243; size=&#8220;750&#8243; map_center_lat=&#8220;44.5366331&#8243; map_center_lng=&#8220;20.5586724&#8243; map_markers=&#8220;39.949|-75.171|&#8220;][\/vc_column][vc_column column_padding=&#8220;padding-7-percent&#8220; column_padding_tablet=&#8220;inherit&#8220; column_padding_phone=&#8220;inherit&#8220; column_padding_position=&#8220;all&#8220; column_element_direction_desktop=&#8220;default&#8220; column_element_spacing=&#8220;default&#8220; desktop_text_alignment=&#8220;default&#8220; tablet_text_alignment=&#8220;default&#8220; phone_text_alignment=&#8220;default&#8220; background_color_opacity=&#8220;1&#8243; background_hover_color_opacity=&#8220;1&#8243; column_backdrop_filter=&#8220;none&#8220; column_shadow=&#8220;none&#8220; column_border_radius=&#8220;none&#8220; column_link_target=&#8220;_self&#8220; column_position=&#8220;default&#8220; gradient_direction=&#8220;left_to_right&#8220; overlay_strength=&#8220;0.3&#8243; width=&#8220;1\/2&#8243; tablet_width_inherit=&#8220;default&#8220; animation_type=&#8220;default&#8220; bg_image_animation=&#8220;none&#8220; border_type=&#8220;simple&#8220; column_border_width=&#8220;none&#8220; column_border_style=&#8220;solid&#8220;][vc_column_text]\n<h1>Kontakt Seniorenheim Rehab Senior<\/h1>\n<h3>Wo befinden wir uns<\/h3>\n<p>Nur <strong>40 Minuten<\/strong> von Belgrad entfernt, an den H\u00e4ngen des Kosmaj.<br data-start=\"124\" data-end=\"127\" \/>Wie erreichen Sie unser Seniorenheim?<br data-start=\"164\" data-end=\"167\" \/>Das private Seniorenheim Alexsander, im Herzen von Sopot gelegen, befindet sich an einem ausgezeichneten Standort, der dank der N\u00e4he zur Hauptautobahn E-75 und dem st\u00e4dtischen Verkehrsnetz leicht aus allen Teilen der Stadt erreichbar ist.<br data-start=\"405\" data-end=\"408\" \/>Mit den GSP-Linien 4401A, 4433, 4434 und 4435, die in der N\u00e4he vorbeif\u00fchren, wird der Zugang zu unserem Heim f\u00fcr alle Familienmitglieder und Freunde, die zu Besuch kommen, erheblich erleichtert.<\/p>\n<p>&nbsp;<\/p>\n<div class=\"wpb_text_column wpb_content_element \">\n<div class=\"wpb_wrapper\">\n<h5>SOPOT<\/h5>\n<p>Kralja Petra I br 120<br \/>\n<a href=\"mailto:office@alexanderville.com\" target=\"_blank\" rel=\"noopener\">office@alexanderville.com<\/a><br \/>\n<a href=\"mailto:office@domzastaralica.rs\" target=\"_blank\" rel=\"noopener\">office@domzastaralica.rs<\/a><\/p>\n<p>Mobiltelefon: <a href=\"tel:+381646412021\" target=\"_blank\" rel=\"noopener\">+381641429994<\/a><br \/>\nMobiltelefon: <a href=\"tel:+38163551734\" target=\"_blank\" rel=\"noopener\">+38163551734<\/a><\/p>\n<\/div>\n<\/div>\n<div class=\"wpb_text_column wpb_content_element \">\n<div class=\"wpb_wrapper\">\n<h4>\u00d6ffnungszeiten<\/h4>\n<p data-start=\"51\" data-end=\"80\"><strong>Restaurant: 08:00\u201322:00 Uhr<\/strong><\/p>\n<p data-start=\"83\" data-end=\"112\"><strong>Unterkunft: 00:00\u201324:00 Uhr<\/strong><\/p>\n<\/div>\n<\/div>\n[\/vc_column_text][\/vc_column][\/vc_row]\n","protected":false},"excerpt":{"rendered":"<p>[vc_row type=&#8220;full_width_content&#8220; full_screen_row_position=&#8220;middle&#8220; column_margin=&#8220;default&#8220; column_direction=&#8220;default&#8220; column_direction_tablet=&#8220;default&#8220; column_direction_phone=&#8220;default&#8220; bg_color=&#8220;#ffffff&#8220; scene_position=&#8220;center&#8220; text_color=&#8220;dark&#8220; text_align=&#8220;left&#8220; row_border_radius=&#8220;none&#8220; row_border_radius_applies=&#8220;bg&#8220; overflow=&#8220;visible&#8220; overlay_strength=&#8220;0.3&#8243; gradient_direction=&#8220;left_to_right&#8220; shape_divider_position=&#8220;bottom&#8220; bg_image_animation=&#8220;none&#8220;][vc_column column_padding=&#8220;no-extra-padding&#8220; column_padding_tablet=&#8220;inherit&#8220; column_padding_phone=&#8220;inherit&#8220; column_padding_position=&#8220;all&#8220; column_element_direction_desktop=&#8220;default&#8220; column_element_spacing=&#8220;default&#8220; desktop_text_alignment=&#8220;default&#8220; tablet_text_alignment=&#8220;default&#8220; phone_text_alignment=&#8220;default&#8220; background_color_opacity=&#8220;1&#8243; background_hover_color_opacity=&#8220;1&#8243; column_backdrop_filter=&#8220;none&#8220; column_shadow=&#8220;none&#8220; column_border_radius=&#8220;none&#8220; column_link_target=&#8220;_self&#8220; column_position=&#8220;default&#8220; gradient_direction=&#8220;left_to_right&#8220;&#8230;<\/p>\n","protected":false},"author":1,"featured_media":0,"parent":0,"menu_order":0,"comment_status":"closed","ping_status":"closed","template":"","meta":{"footnotes":""},"class_list":["post-1145","page","type-page","status-publish"],"yoast_head":"<!-- This site is optimized with the Yoast SEO plugin v26.8 - https:\/\/yoast.com\/product\/yoast-seo-wordpress\/ -->\n<title>Kontakt Altenheim Rehab Senior Alexander Ville Sopot \u2013 Belgrad<\/title>\n<meta name=\"description\" content=\"Kontaktinformationen des luxuri\u00f6sen Altenheims Rehab Senior am Hang des Kosmaj.Telefon +381641429994 SOPOT, Kralja Petra I Nr. 120\" \/>\n<meta name=\"robots\" content=\"index, follow, max-snippet:-1, max-image-preview:large, max-video-preview:-1\" \/>\n<link rel=\"canonical\" href=\"https:\/\/domzastaralica.rs\/de\/kontakt\/\" \/>\n<meta property=\"og:locale\" content=\"de_DE\" \/>\n<meta property=\"og:type\" content=\"article\" \/>\n<meta property=\"og:title\" content=\"Kontakt Altenheim Rehab Senior Alexander Ville Sopot \u2013 Belgrad\" \/>\n<meta property=\"og:description\" content=\"Kontaktinformationen des luxuri\u00f6sen Altenheims Rehab Senior am Hang des Kosmaj.Telefon +381641429994 SOPOT, Kralja Petra I Nr. 120\" \/>\n<meta property=\"og:url\" content=\"https:\/\/domzastaralica.rs\/de\/kontakt\/\" \/>\n<meta property=\"og:site_name\" content=\"Dom Za Stare\" \/>\n<meta property=\"article:modified_time\" content=\"2026-01-17T06:36:22+00:00\" \/>\n<meta name=\"twitter:card\" content=\"summary_large_image\" \/>\n<meta name=\"twitter:label1\" content=\"Gesch\u00e4tzte Lesezeit\" \/>\n\t<meta name=\"twitter:data1\" content=\"2\u00a0Minuten\" \/>\n<script type=\"application\/ld+json\" class=\"yoast-schema-graph\">{\"@context\":\"https:\/\/schema.org\",\"@graph\":[{\"@type\":\"WebPage\",\"@id\":\"https:\/\/domzastaralica.rs\/de\/kontakt\/\",\"url\":\"https:\/\/domzastaralica.rs\/de\/kontakt\/\",\"name\":\"Kontakt Altenheim Rehab Senior Alexander Ville Sopot \u2013 Belgrad\",\"isPartOf\":{\"@id\":\"https:\/\/domzastaralica.rs\/de\/#website\"},\"datePublished\":\"2024-03-26T13:52:59+00:00\",\"dateModified\":\"2026-01-17T06:36:22+00:00\",\"description\":\"Kontaktinformationen des luxuri\u00f6sen Altenheims Rehab Senior am Hang des Kosmaj.Telefon +381641429994 SOPOT, Kralja Petra I Nr. 120\",\"breadcrumb\":{\"@id\":\"https:\/\/domzastaralica.rs\/de\/kontakt\/#breadcrumb\"},\"inLanguage\":\"de\",\"potentialAction\":[{\"@type\":\"ReadAction\",\"target\":[\"https:\/\/domzastaralica.rs\/de\/kontakt\/\"]}]},{\"@type\":\"BreadcrumbList\",\"@id\":\"https:\/\/domzastaralica.rs\/de\/kontakt\/#breadcrumb\",\"itemListElement\":[{\"@type\":\"ListItem\",\"position\":1,\"name\":\"Po\u010detna\",\"item\":\"https:\/\/domzastaralica.rs\/de\/\"},{\"@type\":\"ListItem\",\"position\":2,\"name\":\"Kontakt\"}]},{\"@type\":\"WebSite\",\"@id\":\"https:\/\/domzastaralica.rs\/de\/#website\",\"url\":\"https:\/\/domzastaralica.rs\/de\/\",\"name\":\"Dom Za Stare\",\"description\":\"\",\"potentialAction\":[{\"@type\":\"SearchAction\",\"target\":{\"@type\":\"EntryPoint\",\"urlTemplate\":\"https:\/\/domzastaralica.rs\/de\/?s={search_term_string}\"},\"query-input\":{\"@type\":\"PropertyValueSpecification\",\"valueRequired\":true,\"valueName\":\"search_term_string\"}}],\"inLanguage\":\"de\"}]}<\/script>\n<!-- \/ Yoast SEO plugin. -->","yoast_head_json":{"title":"Kontakt Altenheim Rehab Senior Alexander Ville Sopot \u2013 Belgrad","description":"Kontaktinformationen des luxuri\u00f6sen Altenheims Rehab Senior am Hang des Kosmaj.Telefon +381641429994 SOPOT, Kralja Petra I Nr. 120","robots":{"index":"index","follow":"follow","max-snippet":"max-snippet:-1","max-image-preview":"max-image-preview:large","max-video-preview":"max-video-preview:-1"},"canonical":"https:\/\/domzastaralica.rs\/de\/kontakt\/","og_locale":"de_DE","og_type":"article","og_title":"Kontakt Altenheim Rehab Senior Alexander Ville Sopot \u2013 Belgrad","og_description":"Kontaktinformationen des luxuri\u00f6sen Altenheims Rehab Senior am Hang des Kosmaj.Telefon +381641429994 SOPOT, Kralja Petra I Nr. 120","og_url":"https:\/\/domzastaralica.rs\/de\/kontakt\/","og_site_name":"Dom Za Stare","article_modified_time":"2026-01-17T06:36:22+00:00","twitter_card":"summary_large_image","twitter_misc":{"Gesch\u00e4tzte Lesezeit":"2\u00a0Minuten"},"schema":{"@context":"https:\/\/schema.org","@graph":[{"@type":"WebPage","@id":"https:\/\/domzastaralica.rs\/de\/kontakt\/","url":"https:\/\/domzastaralica.rs\/de\/kontakt\/","name":"Kontakt Altenheim Rehab Senior Alexander Ville Sopot \u2013 Belgrad","isPartOf":{"@id":"https:\/\/domzastaralica.rs\/de\/#website"},"datePublished":"2024-03-26T13:52:59+00:00","dateModified":"2026-01-17T06:36:22+00:00","description":"Kontaktinformationen des luxuri\u00f6sen Altenheims Rehab Senior am Hang des Kosmaj.Telefon +381641429994 SOPOT, Kralja Petra I Nr. 120","breadcrumb":{"@id":"https:\/\/domzastaralica.rs\/de\/kontakt\/#breadcrumb"},"inLanguage":"de","potentialAction":[{"@type":"ReadAction","target":["https:\/\/domzastaralica.rs\/de\/kontakt\/"]}]},{"@type":"BreadcrumbList","@id":"https:\/\/domzastaralica.rs\/de\/kontakt\/#breadcrumb","itemListElement":[{"@type":"ListItem","position":1,"name":"Po\u010detna","item":"https:\/\/domzastaralica.rs\/de\/"},{"@type":"ListItem","position":2,"name":"Kontakt"}]},{"@type":"WebSite","@id":"https:\/\/domzastaralica.rs\/de\/#website","url":"https:\/\/domzastaralica.rs\/de\/","name":"Dom Za Stare","description":"","potentialAction":[{"@type":"SearchAction","target":{"@type":"EntryPoint","urlTemplate":"https:\/\/domzastaralica.rs\/de\/?s={search_term_string}"},"query-input":{"@type":"PropertyValueSpecification","valueRequired":true,"valueName":"search_term_string"}}],"inLanguage":"de"}]}},"_links":{"self":[{"href":"https:\/\/domzastaralica.rs\/de\/wp-json\/wp\/v2\/pages\/1145","targetHints":{"allow":["GET"]}}],"collection":[{"href":"https:\/\/domzastaralica.rs\/de\/wp-json\/wp\/v2\/pages"}],"about":[{"href":"https:\/\/domzastaralica.rs\/de\/wp-json\/wp\/v2\/types\/page"}],"author":[{"embeddable":true,"href":"https:\/\/domzastaralica.rs\/de\/wp-json\/wp\/v2\/users\/1"}],"replies":[{"embeddable":true,"href":"https:\/\/domzastaralica.rs\/de\/wp-json\/wp\/v2\/comments?post=1145"}],"version-history":[{"count":2,"href":"https:\/\/domzastaralica.rs\/de\/wp-json\/wp\/v2\/pages\/1145\/revisions"}],"predecessor-version":[{"id":1748,"href":"https:\/\/domzastaralica.rs\/de\/wp-json\/wp\/v2\/pages\/1145\/revisions\/1748"}],"wp:attachment":[{"href":"https:\/\/domzastaralica.rs\/de\/wp-json\/wp\/v2\/media?parent=1145"}],"curies":[{"name":"wp","href":"https:\/\/api.w.org\/{rel}","templated":true}]}}